{"id":14,"date":"2023-06-26T13:55:49","date_gmt":"2023-06-26T11:55:49","guid":{"rendered":"http:\/\/localhost\/echosperformances\/?page_id=14"},"modified":"2023-06-26T13:55:49","modified_gmt":"2023-06-26T11:55:49","slug":"tableau-de-bord","status":"publish","type":"page","link":"https:\/\/echosperformances.com\/en\/tableau-de-bord\/","title":{"rendered":"Dashboard"},"content":{"rendered":"Please <a data-login_url=\"\" href=\"#\" class=\"tutor-open-login-modal\">Sign-In<\/a> to view this page","protected":false},"excerpt":{"rendered":"<p>Please Sign-In to view this page<\/p>","protected":false},"author":1,"featured_media":0,"parent":0,"menu_order":0,"comment_status":"closed","ping_status":"closed","template":"","meta":{"_tutorstarter_page_metadata":[],"footnotes":""},"class_list":["post-14","page","type-page","status-publish","hentry"],"jetpack_likes_enabled":true,"jetpack_sharing_enabled":true,"jetpack-related-posts":[{"id":15,"url":"https:\/\/echosperformances.com\/en\/tableau-de-bord\/","url_meta":{"origin":14,"position":0},"title":"Dashboard","author":"echos","date":"26 June 2023","format":false,"excerpt":"","rel":"","context":"Similar post","block_context":{"text":"Similar post","link":""},"img":{"alt_text":"","src":"","width":0,"height":0},"classes":[]},{"id":2,"url":"https:\/\/echosperformances.com\/en\/page-d-exemple\/","url_meta":{"origin":14,"position":1},"title":"Page d\u2019exemple","author":"echos","date":"26 June 2023","format":false,"excerpt":"Ceci est une page d\u2019exemple. C\u2019est diff\u00e9rent d\u2019un article de blog parce qu\u2019elle restera au m\u00eame endroit et appara\u00eetra dans la navigation de votre site (dans la plupart des th\u00e8mes). La plupart des gens commencent par une page \u00ab\u00a0\u00c0 propos\u00a0\u00bb qui les pr\u00e9sente aux personnes visitant le site. Cela pourrait\u2026","rel":"","context":"Similar post","block_context":{"text":"Similar post","link":""},"img":{"alt_text":"","src":"","width":0,"height":0},"classes":[]},{"id":1147,"url":"https:\/\/echosperformances.com\/en\/emplois-stages\/","url_meta":{"origin":14,"position":2},"title":"Jobs \/ Internships","author":"echos","date":"24 July 2023","format":false,"excerpt":"","rel":"","context":"Similar post","block_context":{"text":"Similar post","link":""},"img":{"alt_text":"","src":"","width":0,"height":0},"classes":[]},{"id":5517,"url":"https:\/\/echosperformances.com\/en\/comptabilite-controle-de-gestion-analyse-financiere\/","url_meta":{"origin":14,"position":3},"title":"Comptabilit\u00e9, contr\u00f4le de gestion, analyse financi\u00e8re","author":"echos","date":"17 July 2024","format":false,"excerpt":"D\u00e9couvrez nos formations en ligne et pr\u00e9sentielle en comptabilit\u00e9, controle de gestion et analyse financi\u00e8re Soyez le changement que vous voulez voir dans votre carri\u00e8re ! Renforcer les capacit\u00e9s financi\u00e8res de votre entreprise est essentiel pour assurer sa r\u00e9silience et sa croissance \u00e0 long terme. En investissant dans la formation\u2026","rel":"","context":"Similar post","block_context":{"text":"Similar post","link":""},"img":{"alt_text":"","src":"https:\/\/i0.wp.com\/echosperformances.com\/wp-content\/uploads\/2024\/01\/chart-1905225_1280-1024x575.jpg?resize=350%2C200&ssl=1","width":350,"height":200,"srcset":"https:\/\/i0.wp.com\/echosperformances.com\/wp-content\/uploads\/2024\/01\/chart-1905225_1280-1024x575.jpg?resize=350%2C200&ssl=1 1x, https:\/\/i0.wp.com\/echosperformances.com\/wp-content\/uploads\/2024\/01\/chart-1905225_1280-1024x575.jpg?resize=525%2C300&ssl=1 1.5x, https:\/\/i0.wp.com\/echosperformances.com\/wp-content\/uploads\/2024\/01\/chart-1905225_1280-1024x575.jpg?resize=700%2C400&ssl=1 2x"},"classes":[]},{"id":52,"url":"https:\/\/echosperformances.com\/en\/devenir-formateurtrice\/","url_meta":{"origin":14,"position":4},"title":"Become a trainer","author":"echos","date":"26 June 2023","format":false,"excerpt":"Commencer \u00e0 enseigner Scroll Down","rel":"","context":"Similar post","block_context":{"text":"Similar post","link":""},"img":{"alt_text":"","src":"https:\/\/i0.wp.com\/echosperformances.com\/wp-content\/uploads\/2023\/08\/cta-background-1024x210.jpg?resize=350%2C200&ssl=1","width":350,"height":200,"srcset":"https:\/\/i0.wp.com\/echosperformances.com\/wp-content\/uploads\/2023\/08\/cta-background-1024x210.jpg?resize=350%2C200&ssl=1 1x, https:\/\/i0.wp.com\/echosperformances.com\/wp-content\/uploads\/2023\/08\/cta-background-1024x210.jpg?resize=525%2C300&ssl=1 1.5x, https:\/\/i0.wp.com\/echosperformances.com\/wp-content\/uploads\/2023\/08\/cta-background-1024x210.jpg?resize=700%2C400&ssl=1 2x"},"classes":[]},{"id":1969,"url":"https:\/\/echosperformances.com\/en\/cours-preenregistres\/","url_meta":{"origin":14,"position":5},"title":"Formations pr\u00e9enregistr\u00e9es","author":"echos","date":"14 September 2023","format":false,"excerpt":"","rel":"","context":"Similar post","block_context":{"text":"Similar post","link":""},"img":{"alt_text":"","src":"https:\/\/i0.wp.com\/echosperformances.com\/wp-content\/uploads\/2023\/08\/cta-background-1024x210.jpg?resize=350%2C200&ssl=1","width":350,"height":200,"srcset":"https:\/\/i0.wp.com\/echosperformances.com\/wp-content\/uploads\/2023\/08\/cta-background-1024x210.jpg?resize=350%2C200&ssl=1 1x, https:\/\/i0.wp.com\/echosperformances.com\/wp-content\/uploads\/2023\/08\/cta-background-1024x210.jpg?resize=525%2C300&ssl=1 1.5x, https:\/\/i0.wp.com\/echosperformances.com\/wp-content\/uploads\/2023\/08\/cta-background-1024x210.jpg?resize=700%2C400&ssl=1 2x"},"classes":[]}],"_links":{"self":[{"href":"https:\/\/echosperformances.com\/en\/wp-json\/wp\/v2\/pages\/14","targetHints":{"allow":["GET"]}}],"collection":[{"href":"https:\/\/echosperformances.com\/en\/wp-json\/wp\/v2\/pages"}],"about":[{"href":"https:\/\/echosperformances.com\/en\/wp-json\/wp\/v2\/types\/page"}],"author":[{"embeddable":true,"href":"https:\/\/echosperformances.com\/en\/wp-json\/wp\/v2\/users\/1"}],"replies":[{"embeddable":true,"href":"https:\/\/echosperformances.com\/en\/wp-json\/wp\/v2\/comments?post=14"}],"version-history":[{"count":0,"href":"https:\/\/echosperformances.com\/en\/wp-json\/wp\/v2\/pages\/14\/revisions"}],"wp:attachment":[{"href":"https:\/\/echosperformances.com\/en\/wp-json\/wp\/v2\/media?parent=14"}],"curies":[{"name":"wp","href":"https:\/\/api.w.org\/{rel}","templated":true}]}}