{"id":1235,"date":"2023-07-31T15:12:38","date_gmt":"2023-07-31T15:12:38","guid":{"rendered":"http:\/\/localhost\/echosperformances\/?post_type=product&#038;p=1235"},"modified":"2024-06-28T09:15:19","modified_gmt":"2024-06-28T09:15:19","slug":"optimisez-votre-cv-et-lettre-de-motivation-mettez-en-valeur-vos-competences-et-experiences-pour-trouver-le-job-de-vos-reves","status":"publish","type":"product","link":"https:\/\/echosperformances.com\/en\/product\/optimisez-votre-cv-et-lettre-de-motivation-mettez-en-valeur-vos-competences-et-experiences-pour-trouver-le-job-de-vos-reves\/","title":{"rendered":"Optimize your CV and cover letter: highlight your skills and experiences to find the job of your dreams."},"content":{"rendered":"","protected":false},"excerpt":{"rendered":"","protected":false},"featured_media":1660,"comment_status":"open","ping_status":"closed","template":"","meta":{"jetpack_publicize_message":"","jetpack_publicize_feature_enabled":true,"jetpack_social_post_already_shared":false,"jetpack_social_options":{"image_generator_settings":{"template":"highway","default_image_id":0,"font":"","enabled":false},"version":2}},"product_brand":[],"product_cat":[15],"product_tag":[],"class_list":{"0":"post-1235","1":"product","2":"type-product","3":"status-publish","4":"has-post-thumbnail","6":"product_cat-non-classe","8":"first","9":"instock","10":"taxable","11":"shipping-taxable","12":"purchasable","13":"product-type-simple"},"jetpack_publicize_connections":[],"jetpack_likes_enabled":true,"jetpack_sharing_enabled":true,"jetpack-related-posts":[{"id":6929,"url":"https:\/\/echosperformances.com\/en\/product\/optimisez-votre-cv-et-lettre-de-motivation-mettez-en-valeur-vos-competences-et-experiences-pour-trouver-le-job-de-vos-reves-2\/","url_meta":{"origin":1235,"position":0},"title":"Optimize your CV and cover letter: highlight your skills and experiences to find the job of your dreams.","author":"echos","date":"24 September 2024","format":false,"excerpt":"","rel":"","context":"Similar post","block_context":{"text":"Similar post","link":""},"img":{"alt_text":"","src":"https:\/\/i0.wp.com\/echosperformances.com\/wp-content\/uploads\/2023\/09\/pexels-pixabay-38519-scaled.jpg?fit=1200%2C797&ssl=1&resize=350%2C200","width":350,"height":200,"srcset":"https:\/\/i0.wp.com\/echosperformances.com\/wp-content\/uploads\/2023\/09\/pexels-pixabay-38519-scaled.jpg?fit=1200%2C797&ssl=1&resize=350%2C200 1x, https:\/\/i0.wp.com\/echosperformances.com\/wp-content\/uploads\/2023\/09\/pexels-pixabay-38519-scaled.jpg?fit=1200%2C797&ssl=1&resize=525%2C300 1.5x, https:\/\/i0.wp.com\/echosperformances.com\/wp-content\/uploads\/2023\/09\/pexels-pixabay-38519-scaled.jpg?fit=1200%2C797&ssl=1&resize=700%2C400 2x, https:\/\/i0.wp.com\/echosperformances.com\/wp-content\/uploads\/2023\/09\/pexels-pixabay-38519-scaled.jpg?fit=1200%2C797&ssl=1&resize=1050%2C600 3x"},"classes":[]},{"id":1240,"url":"https:\/\/echosperformances.com\/en\/product\/lettre-de-motivation-et-cv-convaincants-les-astuces-pour-mettre-en-avant-vos-qualites-et-competences\/","url_meta":{"origin":1235,"position":1},"title":"Lettre de motivation et CV convaincants : Les astuces pour mettre en avant vos qualit\u00e9s et comp\u00e9tences.","author":"echos","date":"31 July 2023","format":false,"excerpt":"","rel":"","context":"Similar post","block_context":{"text":"Similar post","link":""},"img":{"alt_text":"","src":"https:\/\/i0.wp.com\/echosperformances.com\/wp-content\/uploads\/2023\/07\/pexels-monstera-6373862-scaled.jpg?fit=1200%2C800&ssl=1&resize=350%2C200","width":350,"height":200,"srcset":"https:\/\/i0.wp.com\/echosperformances.com\/wp-content\/uploads\/2023\/07\/pexels-monstera-6373862-scaled.jpg?fit=1200%2C800&ssl=1&resize=350%2C200 1x, https:\/\/i0.wp.com\/echosperformances.com\/wp-content\/uploads\/2023\/07\/pexels-monstera-6373862-scaled.jpg?fit=1200%2C800&ssl=1&resize=525%2C300 1.5x, https:\/\/i0.wp.com\/echosperformances.com\/wp-content\/uploads\/2023\/07\/pexels-monstera-6373862-scaled.jpg?fit=1200%2C800&ssl=1&resize=700%2C400 2x, https:\/\/i0.wp.com\/echosperformances.com\/wp-content\/uploads\/2023\/07\/pexels-monstera-6373862-scaled.jpg?fit=1200%2C800&ssl=1&resize=1050%2C600 3x"},"classes":[]},{"id":6927,"url":"https:\/\/echosperformances.com\/en\/product\/lettre-de-motivation-et-cv-convaincants-les-astuces-pour-mettre-en-avant-vos-qualites-et-competences-2\/","url_meta":{"origin":1235,"position":2},"title":"Convincing cover letter and CV: tips to highlight your qualities and skills.","author":"echos","date":"24 September 2024","format":false,"excerpt":"","rel":"","context":"Similar post","block_context":{"text":"Similar post","link":""},"img":{"alt_text":"","src":"https:\/\/i0.wp.com\/echosperformances.com\/wp-content\/uploads\/2023\/07\/pexels-monstera-6373862-scaled.jpg?fit=1200%2C800&ssl=1&resize=350%2C200","width":350,"height":200,"srcset":"https:\/\/i0.wp.com\/echosperformances.com\/wp-content\/uploads\/2023\/07\/pexels-monstera-6373862-scaled.jpg?fit=1200%2C800&ssl=1&resize=350%2C200 1x, https:\/\/i0.wp.com\/echosperformances.com\/wp-content\/uploads\/2023\/07\/pexels-monstera-6373862-scaled.jpg?fit=1200%2C800&ssl=1&resize=525%2C300 1.5x, https:\/\/i0.wp.com\/echosperformances.com\/wp-content\/uploads\/2023\/07\/pexels-monstera-6373862-scaled.jpg?fit=1200%2C800&ssl=1&resize=700%2C400 2x, https:\/\/i0.wp.com\/echosperformances.com\/wp-content\/uploads\/2023\/07\/pexels-monstera-6373862-scaled.jpg?fit=1200%2C800&ssl=1&resize=1050%2C600 3x"},"classes":[]},{"id":6911,"url":"https:\/\/echosperformances.com\/en\/product\/optimisation-avancee-de-la-paie\/","url_meta":{"origin":1235,"position":3},"title":"Advanced Payroll Optimization","author":"echos","date":"24 September 2024","format":false,"excerpt":"","rel":"","context":"Similar post","block_context":{"text":"Similar post","link":""},"img":{"alt_text":"","src":"https:\/\/i0.wp.com\/echosperformances.com\/wp-content\/uploads\/2024\/07\/analysis-1841158_1280.jpg?fit=1200%2C800&ssl=1&resize=350%2C200","width":350,"height":200,"srcset":"https:\/\/i0.wp.com\/echosperformances.com\/wp-content\/uploads\/2024\/07\/analysis-1841158_1280.jpg?fit=1200%2C800&ssl=1&resize=350%2C200 1x, https:\/\/i0.wp.com\/echosperformances.com\/wp-content\/uploads\/2024\/07\/analysis-1841158_1280.jpg?fit=1200%2C800&ssl=1&resize=525%2C300 1.5x, https:\/\/i0.wp.com\/echosperformances.com\/wp-content\/uploads\/2024\/07\/analysis-1841158_1280.jpg?fit=1200%2C800&ssl=1&resize=700%2C400 2x, https:\/\/i0.wp.com\/echosperformances.com\/wp-content\/uploads\/2024\/07\/analysis-1841158_1280.jpg?fit=1200%2C800&ssl=1&resize=1050%2C600 3x"},"classes":[]},{"id":6935,"url":"https:\/\/echosperformances.com\/en\/product\/transformez-votre-vision-professionnelle-en-maitrisant-la-gestion-dun-site-web-sans-competences-techniques-prealables-2\/","url_meta":{"origin":1235,"position":4},"title":"Transformez votre Vision Professionnelle en Ma\u00eetrisant la Gestion d&rsquo;un Site Web Sans Comp\u00e9tences Techniques Pr\u00e9alables","author":"echos","date":"25 September 2024","format":false,"excerpt":"","rel":"","context":"Similar post","block_context":{"text":"Similar post","link":""},"img":{"alt_text":"","src":"https:\/\/i0.wp.com\/echosperformances.com\/wp-content\/uploads\/2024\/04\/statistic-1820320_1280.png?fit=1200%2C916&ssl=1&resize=350%2C200","width":350,"height":200,"srcset":"https:\/\/i0.wp.com\/echosperformances.com\/wp-content\/uploads\/2024\/04\/statistic-1820320_1280.png?fit=1200%2C916&ssl=1&resize=350%2C200 1x, https:\/\/i0.wp.com\/echosperformances.com\/wp-content\/uploads\/2024\/04\/statistic-1820320_1280.png?fit=1200%2C916&ssl=1&resize=525%2C300 1.5x, https:\/\/i0.wp.com\/echosperformances.com\/wp-content\/uploads\/2024\/04\/statistic-1820320_1280.png?fit=1200%2C916&ssl=1&resize=700%2C400 2x, https:\/\/i0.wp.com\/echosperformances.com\/wp-content\/uploads\/2024\/04\/statistic-1820320_1280.png?fit=1200%2C916&ssl=1&resize=1050%2C600 3x"},"classes":[]},{"id":1225,"url":"https:\/\/echosperformances.com\/en\/product\/accroitre-sa-visibilite-et-trouver-des-opportunites-professionnelles-les-strategies-percutantes\/","url_meta":{"origin":1235,"position":5},"title":"Accro\u00eetre sa visibilit\u00e9 et trouver des opportunit\u00e9s professionnelles : Les strat\u00e9gies percutantes.","author":"echos","date":"31 July 2023","format":false,"excerpt":"","rel":"","context":"Similar post","block_context":{"text":"Similar post","link":""},"img":{"alt_text":"","src":"https:\/\/i0.wp.com\/echosperformances.com\/wp-content\/uploads\/2023\/07\/pexels-sora-shimazaki-5668857-scaled.jpg?fit=1200%2C800&ssl=1&resize=350%2C200","width":350,"height":200,"srcset":"https:\/\/i0.wp.com\/echosperformances.com\/wp-content\/uploads\/2023\/07\/pexels-sora-shimazaki-5668857-scaled.jpg?fit=1200%2C800&ssl=1&resize=350%2C200 1x, https:\/\/i0.wp.com\/echosperformances.com\/wp-content\/uploads\/2023\/07\/pexels-sora-shimazaki-5668857-scaled.jpg?fit=1200%2C800&ssl=1&resize=525%2C300 1.5x, https:\/\/i0.wp.com\/echosperformances.com\/wp-content\/uploads\/2023\/07\/pexels-sora-shimazaki-5668857-scaled.jpg?fit=1200%2C800&ssl=1&resize=700%2C400 2x, https:\/\/i0.wp.com\/echosperformances.com\/wp-content\/uploads\/2023\/07\/pexels-sora-shimazaki-5668857-scaled.jpg?fit=1200%2C800&ssl=1&resize=1050%2C600 3x"},"classes":[]}],"_links":{"self":[{"href":"https:\/\/echosperformances.com\/en\/wp-json\/wp\/v2\/product\/1235","targetHints":{"allow":["GET"]}}],"collection":[{"href":"https:\/\/echosperformances.com\/en\/wp-json\/wp\/v2\/product"}],"about":[{"href":"https:\/\/echosperformances.com\/en\/wp-json\/wp\/v2\/types\/product"}],"replies":[{"embeddable":true,"href":"https:\/\/echosperformances.com\/en\/wp-json\/wp\/v2\/comments?post=1235"}],"version-history":[{"count":1,"href":"https:\/\/echosperformances.com\/en\/wp-json\/wp\/v2\/product\/1235\/revisions"}],"predecessor-version":[{"id":4615,"href":"https:\/\/echosperformances.com\/en\/wp-json\/wp\/v2\/product\/1235\/revisions\/4615"}],"wp:featuredmedia":[{"embeddable":true,"href":"https:\/\/echosperformances.com\/en\/wp-json\/wp\/v2\/media\/1660"}],"wp:attachment":[{"href":"https:\/\/echosperformances.com\/en\/wp-json\/wp\/v2\/media?parent=1235"}],"wp:term":[{"taxonomy":"product_brand","embeddable":true,"href":"https:\/\/echosperformances.com\/en\/wp-json\/wp\/v2\/product_brand?post=1235"},{"taxonomy":"product_cat","embeddable":true,"href":"https:\/\/echosperformances.com\/en\/wp-json\/wp\/v2\/product_cat?post=1235"},{"taxonomy":"product_tag","embeddable":true,"href":"https:\/\/echosperformances.com\/en\/wp-json\/wp\/v2\/product_tag?post=1235"}],"curies":[{"name":"wp","href":"https:\/\/api.w.org\/{rel}","templated":true}]}}