{"id":6925,"date":"2024-09-24T16:55:36","date_gmt":"2024-09-24T16:55:36","guid":{"rendered":"https:\/\/echosperformances.com\/?post_type=product&#038;p=6925"},"modified":"2024-09-24T17:02:24","modified_gmt":"2024-09-24T17:02:24","slug":"accroitre-sa-visibilite-et-trouver-des-opportunites-professionnelles-les-strategies-percutantes-2","status":"publish","type":"product","link":"https:\/\/echosperformances.com\/en\/product\/accroitre-sa-visibilite-et-trouver-des-opportunites-professionnelles-les-strategies-percutantes-2\/","title":{"rendered":"Increase visibility and find professional opportunities: impactful strategies."},"content":{"rendered":"","protected":false},"excerpt":{"rendered":"","protected":false},"featured_media":1662,"comment_status":"open","ping_status":"closed","template":"","meta":{"jetpack_publicize_message":"","jetpack_publicize_feature_enabled":true,"jetpack_social_post_already_shared":false,"jetpack_social_options":{"image_generator_settings":{"template":"highway","default_image_id":0,"font":"","enabled":false},"version":2}},"product_brand":[],"product_cat":[15],"product_tag":[],"class_list":{"0":"post-6925","1":"product","2":"type-product","3":"status-publish","4":"has-post-thumbnail","6":"product_cat-non-classe","8":"first","9":"instock","10":"sale","11":"purchasable","12":"product-type-simple"},"jetpack_publicize_connections":[],"jetpack_likes_enabled":true,"jetpack_sharing_enabled":true,"jetpack-related-posts":[{"id":1225,"url":"https:\/\/echosperformances.com\/en\/product\/accroitre-sa-visibilite-et-trouver-des-opportunites-professionnelles-les-strategies-percutantes\/","url_meta":{"origin":6925,"position":0},"title":"Accro\u00eetre sa visibilit\u00e9 et trouver des opportunit\u00e9s professionnelles : Les strat\u00e9gies percutantes.","author":"echos","date":"31 July 2023","format":false,"excerpt":"","rel":"","context":"Similar post","block_context":{"text":"Similar post","link":""},"img":{"alt_text":"","src":"https:\/\/i0.wp.com\/echosperformances.com\/wp-content\/uploads\/2023\/07\/pexels-sora-shimazaki-5668857-scaled.jpg?fit=1200%2C800&ssl=1&resize=350%2C200","width":350,"height":200,"srcset":"https:\/\/i0.wp.com\/echosperformances.com\/wp-content\/uploads\/2023\/07\/pexels-sora-shimazaki-5668857-scaled.jpg?fit=1200%2C800&ssl=1&resize=350%2C200 1x, https:\/\/i0.wp.com\/echosperformances.com\/wp-content\/uploads\/2023\/07\/pexels-sora-shimazaki-5668857-scaled.jpg?fit=1200%2C800&ssl=1&resize=525%2C300 1.5x, https:\/\/i0.wp.com\/echosperformances.com\/wp-content\/uploads\/2023\/07\/pexels-sora-shimazaki-5668857-scaled.jpg?fit=1200%2C800&ssl=1&resize=700%2C400 2x, https:\/\/i0.wp.com\/echosperformances.com\/wp-content\/uploads\/2023\/07\/pexels-sora-shimazaki-5668857-scaled.jpg?fit=1200%2C800&ssl=1&resize=1050%2C600 3x"},"classes":[]},{"id":6907,"url":"https:\/\/echosperformances.com\/en\/product\/gestion-strategique-des-ressources-humaines\/","url_meta":{"origin":6925,"position":1},"title":"Strategic human resources management","author":"echos","date":"24 September 2024","format":false,"excerpt":"","rel":"","context":"Similar post","block_context":{"text":"Similar post","link":""},"img":{"alt_text":"","src":"https:\/\/i0.wp.com\/echosperformances.com\/wp-content\/uploads\/2024\/07\/staff-154689_1280.png?fit=1200%2C1029&ssl=1&resize=350%2C200","width":350,"height":200,"srcset":"https:\/\/i0.wp.com\/echosperformances.com\/wp-content\/uploads\/2024\/07\/staff-154689_1280.png?fit=1200%2C1029&ssl=1&resize=350%2C200 1x, https:\/\/i0.wp.com\/echosperformances.com\/wp-content\/uploads\/2024\/07\/staff-154689_1280.png?fit=1200%2C1029&ssl=1&resize=525%2C300 1.5x, https:\/\/i0.wp.com\/echosperformances.com\/wp-content\/uploads\/2024\/07\/staff-154689_1280.png?fit=1200%2C1029&ssl=1&resize=700%2C400 2x, https:\/\/i0.wp.com\/echosperformances.com\/wp-content\/uploads\/2024\/07\/staff-154689_1280.png?fit=1200%2C1029&ssl=1&resize=1050%2C600 3x"},"classes":[]},{"id":1232,"url":"https:\/\/echosperformances.com\/en\/product\/comment-batir-un-reseau-solide-les-cles-pour-developper-sa-carriere-professionnelle\/","url_meta":{"origin":6925,"position":2},"title":"Comment b\u00e2tir un r\u00e9seau solide : les cl\u00e9s pour d\u00e9velopper sa carri\u00e8re professionnelle","author":"echos","date":"31 July 2023","format":false,"excerpt":"","rel":"","context":"Similar post","block_context":{"text":"Similar post","link":""},"img":{"alt_text":"","src":"https:\/\/i0.wp.com\/echosperformances.com\/wp-content\/uploads\/2023\/08\/pexels-vlada-karpovich-4050290-scaled.jpg?fit=1200%2C800&ssl=1&resize=350%2C200","width":350,"height":200,"srcset":"https:\/\/i0.wp.com\/echosperformances.com\/wp-content\/uploads\/2023\/08\/pexels-vlada-karpovich-4050290-scaled.jpg?fit=1200%2C800&ssl=1&resize=350%2C200 1x, https:\/\/i0.wp.com\/echosperformances.com\/wp-content\/uploads\/2023\/08\/pexels-vlada-karpovich-4050290-scaled.jpg?fit=1200%2C800&ssl=1&resize=525%2C300 1.5x, https:\/\/i0.wp.com\/echosperformances.com\/wp-content\/uploads\/2023\/08\/pexels-vlada-karpovich-4050290-scaled.jpg?fit=1200%2C800&ssl=1&resize=700%2C400 2x, https:\/\/i0.wp.com\/echosperformances.com\/wp-content\/uploads\/2023\/08\/pexels-vlada-karpovich-4050290-scaled.jpg?fit=1200%2C800&ssl=1&resize=1050%2C600 3x"},"classes":[]},{"id":6917,"url":"https:\/\/echosperformances.com\/en\/product\/strategies-de-recrutement-innovante-lart-de-la-selection-des-meilleurs\/","url_meta":{"origin":6925,"position":3},"title":"Innovative Recruitment Strategies: the art of selecting the best","author":"echos","date":"24 September 2024","format":false,"excerpt":"","rel":"","context":"Similar post","block_context":{"text":"Similar post","link":""},"img":{"alt_text":"","src":"https:\/\/i0.wp.com\/echosperformances.com\/wp-content\/uploads\/2024\/07\/interview-7323656_1280.png?fit=1200%2C858&ssl=1&resize=350%2C200","width":350,"height":200,"srcset":"https:\/\/i0.wp.com\/echosperformances.com\/wp-content\/uploads\/2024\/07\/interview-7323656_1280.png?fit=1200%2C858&ssl=1&resize=350%2C200 1x, https:\/\/i0.wp.com\/echosperformances.com\/wp-content\/uploads\/2024\/07\/interview-7323656_1280.png?fit=1200%2C858&ssl=1&resize=525%2C300 1.5x, https:\/\/i0.wp.com\/echosperformances.com\/wp-content\/uploads\/2024\/07\/interview-7323656_1280.png?fit=1200%2C858&ssl=1&resize=700%2C400 2x, https:\/\/i0.wp.com\/echosperformances.com\/wp-content\/uploads\/2024\/07\/interview-7323656_1280.png?fit=1200%2C858&ssl=1&resize=1050%2C600 3x"},"classes":[]},{"id":6921,"url":"https:\/\/echosperformances.com\/en\/product\/comment-batir-un-reseau-solide-les-cles-pour-developper-sa-carriere-professionnelle-2\/","url_meta":{"origin":6925,"position":4},"title":"How to Build a Strong Network: The Keys to Developing Your Professional Career.","author":"echos","date":"24 September 2024","format":false,"excerpt":"","rel":"","context":"Similar post","block_context":{"text":"Similar post","link":""},"img":{"alt_text":"","src":"https:\/\/i0.wp.com\/echosperformances.com\/wp-content\/uploads\/2023\/08\/pexels-vlada-karpovich-4050290-scaled.jpg?fit=1200%2C800&ssl=1&resize=350%2C200","width":350,"height":200,"srcset":"https:\/\/i0.wp.com\/echosperformances.com\/wp-content\/uploads\/2023\/08\/pexels-vlada-karpovich-4050290-scaled.jpg?fit=1200%2C800&ssl=1&resize=350%2C200 1x, https:\/\/i0.wp.com\/echosperformances.com\/wp-content\/uploads\/2023\/08\/pexels-vlada-karpovich-4050290-scaled.jpg?fit=1200%2C800&ssl=1&resize=525%2C300 1.5x, https:\/\/i0.wp.com\/echosperformances.com\/wp-content\/uploads\/2023\/08\/pexels-vlada-karpovich-4050290-scaled.jpg?fit=1200%2C800&ssl=1&resize=700%2C400 2x, https:\/\/i0.wp.com\/echosperformances.com\/wp-content\/uploads\/2023\/08\/pexels-vlada-karpovich-4050290-scaled.jpg?fit=1200%2C800&ssl=1&resize=1050%2C600 3x"},"classes":[]},{"id":6935,"url":"https:\/\/echosperformances.com\/en\/product\/transformez-votre-vision-professionnelle-en-maitrisant-la-gestion-dun-site-web-sans-competences-techniques-prealables-2\/","url_meta":{"origin":6925,"position":5},"title":"Transformez votre Vision Professionnelle en Ma\u00eetrisant la Gestion d&rsquo;un Site Web Sans Comp\u00e9tences Techniques Pr\u00e9alables","author":"echos","date":"25 September 2024","format":false,"excerpt":"","rel":"","context":"Similar post","block_context":{"text":"Similar post","link":""},"img":{"alt_text":"","src":"https:\/\/i0.wp.com\/echosperformances.com\/wp-content\/uploads\/2024\/04\/statistic-1820320_1280.png?fit=1200%2C916&ssl=1&resize=350%2C200","width":350,"height":200,"srcset":"https:\/\/i0.wp.com\/echosperformances.com\/wp-content\/uploads\/2024\/04\/statistic-1820320_1280.png?fit=1200%2C916&ssl=1&resize=350%2C200 1x, https:\/\/i0.wp.com\/echosperformances.com\/wp-content\/uploads\/2024\/04\/statistic-1820320_1280.png?fit=1200%2C916&ssl=1&resize=525%2C300 1.5x, https:\/\/i0.wp.com\/echosperformances.com\/wp-content\/uploads\/2024\/04\/statistic-1820320_1280.png?fit=1200%2C916&ssl=1&resize=700%2C400 2x, https:\/\/i0.wp.com\/echosperformances.com\/wp-content\/uploads\/2024\/04\/statistic-1820320_1280.png?fit=1200%2C916&ssl=1&resize=1050%2C600 3x"},"classes":[]}],"_links":{"self":[{"href":"https:\/\/echosperformances.com\/en\/wp-json\/wp\/v2\/product\/6925","targetHints":{"allow":["GET"]}}],"collection":[{"href":"https:\/\/echosperformances.com\/en\/wp-json\/wp\/v2\/product"}],"about":[{"href":"https:\/\/echosperformances.com\/en\/wp-json\/wp\/v2\/types\/product"}],"replies":[{"embeddable":true,"href":"https:\/\/echosperformances.com\/en\/wp-json\/wp\/v2\/comments?post=6925"}],"version-history":[{"count":1,"href":"https:\/\/echosperformances.com\/en\/wp-json\/wp\/v2\/product\/6925\/revisions"}],"predecessor-version":[{"id":6926,"href":"https:\/\/echosperformances.com\/en\/wp-json\/wp\/v2\/product\/6925\/revisions\/6926"}],"wp:featuredmedia":[{"embeddable":true,"href":"https:\/\/echosperformances.com\/en\/wp-json\/wp\/v2\/media\/1662"}],"wp:attachment":[{"href":"https:\/\/echosperformances.com\/en\/wp-json\/wp\/v2\/media?parent=6925"}],"wp:term":[{"taxonomy":"product_brand","embeddable":true,"href":"https:\/\/echosperformances.com\/en\/wp-json\/wp\/v2\/product_brand?post=6925"},{"taxonomy":"product_cat","embeddable":true,"href":"https:\/\/echosperformances.com\/en\/wp-json\/wp\/v2\/product_cat?post=6925"},{"taxonomy":"product_tag","embeddable":true,"href":"https:\/\/echosperformances.com\/en\/wp-json\/wp\/v2\/product_tag?post=6925"}],"curies":[{"name":"wp","href":"https:\/\/api.w.org\/{rel}","templated":true}]}}